{"id":280,"date":"2015-01-06T16:47:25","date_gmt":"2015-01-06T16:47:25","guid":{"rendered":"http:\/\/testeris.karikatura.lv\/par-mani-2\/"},"modified":"2025-02-25T13:25:57","modified_gmt":"2025-02-25T10:25:57","slug":"par-mani","status":"publish","type":"page","link":"https:\/\/karikatura.lv\/en\/par-mani\/","title":{"rendered":"About"},"content":{"rendered":"<p>[et_pb_section fb_built=&#8221;1&#8243; admin_label=&#8221;section&#8221; _builder_version=&#8221;4.16&#8243; global_colors_info=&#8221;{}&#8221;][et_pb_row column_structure=&#8221;1_3,2_3&#8243; admin_label=&#8221;row&#8221; _builder_version=&#8221;4.16&#8243; background_size=&#8221;initial&#8221; background_position=&#8221;top_left&#8221; background_repeat=&#8221;repeat&#8221; global_colors_info=&#8221;{}&#8221;][et_pb_column type=&#8221;1_3&#8243; _builder_version=&#8221;4.16&#8243; custom_padding=&#8221;|||&#8221; global_colors_info=&#8221;{}&#8221; custom_padding__hover=&#8221;|||&#8221;][et_pb_image src=&#8221;https:\/\/karikatura.lv\/wp-content\/uploads\/2022\/04\/Gatis-pasportrets-2022-web.jpg&#8221; title_text=&#8221;Gatis-pasportrets-2022-web&#8221; align_tablet=&#8221;center&#8221; align_phone=&#8221;&#8221; align_last_edited=&#8221;on|desktop&#8221; admin_label=&#8221;Image&#8221; _builder_version=&#8221;4.16&#8243; animation_direction=&#8221;left&#8221; animation=&#8221;left&#8221; sticky=&#8221;off&#8221; global_colors_info=&#8221;{}&#8221;] [\/et_pb_image][et_pb_text admin_label=&#8221;Text&#8221; _builder_version=&#8221;4.16&#8243; background_size=&#8221;initial&#8221; background_position=&#8221;top_left&#8221; background_repeat=&#8221;repeat&#8221; global_colors_info=&#8221;{}&#8221;]<a href=\"mailto:s.gatim@gmail.com\">gatis@karikatura.lv<\/a><\/p>\n<p>+371 29481179<br \/>\n[\/et_pb_text][\/et_pb_column][et_pb_column type=&#8221;2_3&#8243; _builder_version=&#8221;4.16&#8243; custom_padding=&#8221;|||&#8221; global_colors_info=&#8221;{}&#8221; custom_padding__hover=&#8221;|||&#8221;][et_pb_text admin_label=&#8221;Text&#8221; _builder_version=&#8221;4.16&#8243; background_size=&#8221;initial&#8221; background_position=&#8221;top_left&#8221; background_repeat=&#8221;repeat&#8221; global_colors_info=&#8221;{}&#8221;]<\/p>\n<p>Sveiki!<\/p>\n<p>&nbsp;<\/p>\n<p>My name is Gatis \u0160\u013c\u016bka, I am a professional cartoonist and illustrator from Latvia. I received my Master\u2019s degree in graphic fine art from the Art Academy of Latvia.<\/p>\n<p>&nbsp;<\/p>\n<p>I work as a freelance artist and also work for the publishing house <a href=\"http:\/\/latvijasmediji.lv\/\"><em>Latvijas Mediji<\/em><\/a>. I have successfully collaborated for almost 20 years with many magazines, marketing companies and individual clients.<\/p>\n<p>&nbsp;<\/p>\n<p>My cartoons have appeared in such publications as <em><a href=\"https:\/\/www.washingtonpost.com\/\">Washington Post<\/a><\/em>, <em><a href=\"https:\/\/usatoday.com\/\">USA Today<\/a><\/em>, <em><a href=\"https:\/\/www.lemonde.fr\">Le Monde<\/a><\/em>, <em><a href=\"http:\/\/global.chinadaily.com.cn\/\">China Daily<\/a><\/em>,\u00a0<em><a href=\"https:\/\/www.politico.eu\/\">Politico<\/a><\/em>, <em><a href=\"https:\/\/www.courrierinternational.com\/\">Courrier International<\/a><\/em>,\u00a0<a href=\"https:\/\/www.sueddeutsche.de\/\"><i>S\u00fcddeutsche Zeitung<\/i><\/a><span><i>,\u00a0<\/i><\/span><em><a href=\"https:\/\/www.greenpeace.org\/\">Greenpeace<\/a><\/em> and so on\u2026 I have published 4 cartoon books &#8211; <em>Gatis Sluka Karikaturas<\/em> (2006)<em>, Gatis Sluka Karikaturas 2<\/em>\u00a0(2015),\u00a0<i><span>Gatis Sluka Karikatura LV <\/span><\/i>(2018) and <em>Gatis Sluka Karikaturas 3<\/em> (2022). <span>The last two books were on the top 10 best seller list in Latvia, with the last one reaching the #1 best seller list.<\/span><\/p>\n<p>&nbsp;<\/p>\n<p><i><span>\u00a0<\/span><\/i>Since 2001, I have participated in many cartoon and print art exhibitions\/conferences around the world. <span>I have received <\/span><em>Excellence Prize <\/em><span>at the World Humor Awards (2021) in Italy, also <\/span><em>Award of Excellence<\/em><span> at the International Editorial Cartoon Competition of Canada.\u00a0One of my cartoons was also a finalist of the <\/span><a href=\"https:\/\/europeancartoonaward.com\/\">European Cartoon Award<\/a> <span>(2022) while another one was a finalist of the Libex (2022) political cartoon competition.<\/span><\/p>\n<p>&nbsp;<\/p>\n<p>I hope that each day my work helps enrich everyone\u2019s life through drawings and thought provoking subject matter.<span>\u00a0 <\/span>When I draw my cartoons, I usually draw them from a European point of view and when people on the other side of the world find them relatable I feel as I have done my job well.<\/p>\n<p>&nbsp;<\/p>\n<p>I feel my personal style has continued to grow and will continue to grow with each new project. I love to experiment with different techniques and to try out new drawing tools and technology &#8211; digitally and also traditionally.<\/p>\n<p>&nbsp;<\/p>\n<p><span>I&#8217;m always open to new<\/span><span> challenges<\/span><span> and collaborations, so feel free to contact me!<\/span><\/p>\n<p>&nbsp;<\/p>\n<p>[\/et_pb_text][et_pb_social_media_follow _builder_version=&#8221;4.16&#8243; _module_preset=&#8221;default&#8221; text_orientation=&#8221;center&#8221; global_colors_info=&#8221;{}&#8221;][et_pb_social_media_follow_network social_network=&#8221;instagram&#8221; url=&#8221;https:\/\/www.instagram.com\/karikaturalv\/&#8221; _builder_version=&#8221;4.16&#8243; _module_preset=&#8221;default&#8221; background_color=&#8221;#000000&#8243; background_enable_color=&#8221;on&#8221; global_colors_info=&#8221;{}&#8221; follow_button=&#8221;off&#8221; url_new_window=&#8221;on&#8221;]instagram[\/et_pb_social_media_follow_network][et_pb_social_media_follow_network social_network=&#8221;facebook&#8221; url=&#8221;https:\/\/www.facebook.com\/karikaturalv&#8221; _builder_version=&#8221;4.16&#8243; _module_preset=&#8221;default&#8221; background_color=&#8221;#000000&#8243; background_enable_color=&#8221;on&#8221; global_colors_info=&#8221;{}&#8221; follow_button=&#8221;off&#8221; url_new_window=&#8221;on&#8221;]facebook[\/et_pb_social_media_follow_network][et_pb_social_media_follow_network social_network=&#8221;twitter&#8221; url=&#8221;https:\/\/twitter.com\/KarikaturaLv&#8221; _builder_version=&#8221;4.16&#8243; _module_preset=&#8221;default&#8221; background_color=&#8221;#000000&#8243; background_enable_color=&#8221;on&#8221; global_colors_info=&#8221;{}&#8221; follow_button=&#8221;off&#8221; url_new_window=&#8221;on&#8221;]twitter[\/et_pb_social_media_follow_network][et_pb_social_media_follow_network social_network=&#8221;linkedin&#8221; url=&#8221;https:\/\/www.linkedin.com\/in\/karikaturalv\/&#8221; _builder_version=&#8221;4.16&#8243; _module_preset=&#8221;default&#8221; background_color=&#8221;#000000&#8243; background_enable_color=&#8221;on&#8221; global_colors_info=&#8221;{}&#8221; follow_button=&#8221;off&#8221; url_new_window=&#8221;on&#8221;]linkedin[\/et_pb_social_media_follow_network][et_pb_social_media_follow_network social_network=&#8221;tiktok&#8221; url=&#8221;https:\/\/www.tiktok.com\/@karikaturalv&#8221; _builder_version=&#8221;4.16&#8243; _module_preset=&#8221;default&#8221; background_color=&#8221;#000000&#8243; background_enable_color=&#8221;on&#8221; global_colors_info=&#8221;{}&#8221; follow_button=&#8221;off&#8221; url_new_window=&#8221;on&#8221;]tiktok[\/et_pb_social_media_follow_network][et_pb_social_media_follow_network social_network=&#8221;youtube&#8221; url=&#8221;https:\/\/www.youtube.com\/karikaturalv&#8221; _builder_version=&#8221;4.16&#8243; _module_preset=&#8221;default&#8221; background_color=&#8221;#000000&#8243; background_enable_color=&#8221;on&#8221; global_colors_info=&#8221;{}&#8221; follow_button=&#8221;off&#8221; url_new_window=&#8221;on&#8221;]youtube[\/et_pb_social_media_follow_network][\/et_pb_social_media_follow][\/et_pb_column][\/et_pb_row][et_pb_row column_structure=&#8221;1_3,2_3&#8243; admin_label=&#8221;Row&#8221; _builder_version=&#8221;4.16&#8243; background_size=&#8221;initial&#8221; background_position=&#8221;top_left&#8221; background_repeat=&#8221;repeat&#8221; global_colors_info=&#8221;{}&#8221;][et_pb_column type=&#8221;1_3&#8243; _builder_version=&#8221;4.16&#8243; custom_padding=&#8221;|||&#8221; global_colors_info=&#8221;{}&#8221; custom_padding__hover=&#8221;|||&#8221;][et_pb_blurb url=&#8221;https:\/\/gatissluka.com&#8221; image=&#8221;https:\/\/karikatura.lv\/wp-content\/uploads\/2020\/05\/GatisSluka-logo-292&#215;300.jpg&#8221; alt=&#8221;GatisslukaCom logo&#8221; image_icon_width=&#8221;none&#8221; admin_label=&#8221;Blurb&#8221; _builder_version=&#8221;4.16&#8243; background_size=&#8221;initial&#8221; background_position=&#8221;top_left&#8221; background_repeat=&#8221;repeat&#8221; text_orientation=&#8221;center&#8221; animation=&#8221;off&#8221; use_border_color=&#8221;off&#8221; border_color=&#8221;#ffffff&#8221; border_style=&#8221;solid&#8221; image_max_width=&#8221;none&#8221; global_colors_info=&#8221;{}&#8221;]<\/p>\n<p>&nbsp;<\/p>\n<p>More about me and\u00a0works\u00a0you can find in my <a href=\"https:\/\/gatissluka.com\">portfolio\u00a0page<\/a>.<\/p>\n<p>[\/et_pb_blurb][\/et_pb_column][et_pb_column type=&#8221;2_3&#8243; _builder_version=&#8221;4.16&#8243; custom_padding=&#8221;|||&#8221; global_colors_info=&#8221;{}&#8221; custom_padding__hover=&#8221;|||&#8221;][\/et_pb_column][\/et_pb_row][\/et_pb_section]<\/p>\n","protected":false},"excerpt":{"rendered":"<p>gatis@karikatura.lv +371 29481179 Sveiki! &nbsp; My name is Gatis \u0160\u013c\u016bka, I am a professional cartoonist and illustrator from Latvia. I received my Master\u2019s degree in graphic fine art from the Art Academy of Latvia. &nbsp; I work as a freelance artist and also work for the publishing house Latvijas Mediji. I have successfully collaborated for [&hellip;]<\/p>\n","protected":false},"author":2,"featured_media":0,"parent":0,"menu_order":0,"comment_status":"open","ping_status":"open","template":"","meta":{"_et_pb_use_builder":"on","_et_pb_old_content":"","_et_gb_content_width":"","footnotes":""},"class_list":["post-280","page","type-page","status-publish","hentry"],"yoast_head":"<!-- This site is optimized with the Yoast SEO plugin v27.2 - https:\/\/yoast.com\/product\/yoast-seo-wordpress\/ -->\n<title>About - karikatura.lv<\/title>\n<meta name=\"robots\" content=\"index, follow, max-snippet:-1, max-image-preview:large, max-video-preview:-1\" \/>\n<link rel=\"canonical\" href=\"https:\/\/karikatura.lv\/en\/par-mani\/\" \/>\n<meta property=\"og:locale\" content=\"en_US\" \/>\n<meta property=\"og:type\" content=\"article\" \/>\n<meta property=\"og:title\" content=\"About - karikatura.lv\" \/>\n<meta property=\"og:description\" content=\"gatis@karikatura.lv +371 29481179 Sveiki! &nbsp; My name is Gatis \u0160\u013c\u016bka, I am a professional cartoonist and illustrator from Latvia. I received my Master\u2019s degree in graphic fine art from the Art Academy of Latvia. &nbsp; I work as a freelance artist and also work for the publishing house Latvijas Mediji. I have successfully collaborated for [&hellip;]\" \/>\n<meta property=\"og:url\" content=\"https:\/\/karikatura.lv\/en\/par-mani\/\" \/>\n<meta property=\"og:site_name\" content=\"karikatura.lv\" \/>\n<meta property=\"article:publisher\" content=\"https:\/\/www.facebook.com\/karikaturalv\" \/>\n<meta property=\"article:modified_time\" content=\"2025-02-25T10:25:57+00:00\" \/>\n<meta name=\"twitter:label1\" content=\"Est. reading time\" \/>\n\t<meta name=\"twitter:data1\" content=\"4 minutes\" \/>\n<script type=\"application\/ld+json\" class=\"yoast-schema-graph\">{\"@context\":\"https:\/\/schema.org\",\"@graph\":[{\"@type\":\"WebPage\",\"@id\":\"https:\/\/karikatura.lv\/en\/par-mani\/\",\"url\":\"https:\/\/karikatura.lv\/en\/par-mani\/\",\"name\":\"About - karikatura.lv\",\"isPartOf\":{\"@id\":\"https:\/\/karikatura.lv\/#website\"},\"datePublished\":\"2015-01-06T16:47:25+00:00\",\"dateModified\":\"2025-02-25T10:25:57+00:00\",\"breadcrumb\":{\"@id\":\"https:\/\/karikatura.lv\/en\/par-mani\/#breadcrumb\"},\"inLanguage\":\"en-US\",\"potentialAction\":[{\"@type\":\"ReadAction\",\"target\":[\"https:\/\/karikatura.lv\/en\/par-mani\/\"]}]},{\"@type\":\"BreadcrumbList\",\"@id\":\"https:\/\/karikatura.lv\/en\/par-mani\/#breadcrumb\",\"itemListElement\":[{\"@type\":\"ListItem\",\"position\":1,\"name\":\"Home\",\"item\":\"https:\/\/karikatura.lv\/en\/\"},{\"@type\":\"ListItem\",\"position\":2,\"name\":\"About\"}]},{\"@type\":\"WebSite\",\"@id\":\"https:\/\/karikatura.lv\/#website\",\"url\":\"https:\/\/karikatura.lv\/\",\"name\":\"karikatura.lv\",\"description\":\"Gatis \u0160\u013c\u016bka karikat\u016bras cartoons caricatures\",\"publisher\":{\"@id\":\"https:\/\/karikatura.lv\/#\/schema\/person\/5db41c9ca18fb433d01129e5c07cb4b3\"},\"potentialAction\":[{\"@type\":\"SearchAction\",\"target\":{\"@type\":\"EntryPoint\",\"urlTemplate\":\"https:\/\/karikatura.lv\/?s={search_term_string}\"},\"query-input\":{\"@type\":\"PropertyValueSpecification\",\"valueRequired\":true,\"valueName\":\"search_term_string\"}}],\"inLanguage\":\"en-US\"},{\"@type\":[\"Person\",\"Organization\"],\"@id\":\"https:\/\/karikatura.lv\/#\/schema\/person\/5db41c9ca18fb433d01129e5c07cb4b3\",\"name\":\"Gatis Sluka\",\"image\":{\"@type\":\"ImageObject\",\"inLanguage\":\"en-US\",\"@id\":\"https:\/\/secure.gravatar.com\/avatar\/6a410f59c46644f1312a73d8eba058ae7b6534286ff3ba1b7574c67f1dab9ebf?s=96&d=mm&r=g\",\"url\":\"https:\/\/secure.gravatar.com\/avatar\/6a410f59c46644f1312a73d8eba058ae7b6534286ff3ba1b7574c67f1dab9ebf?s=96&d=mm&r=g\",\"contentUrl\":\"https:\/\/secure.gravatar.com\/avatar\/6a410f59c46644f1312a73d8eba058ae7b6534286ff3ba1b7574c67f1dab9ebf?s=96&d=mm&r=g\",\"caption\":\"Gatis Sluka\"},\"logo\":{\"@id\":\"https:\/\/secure.gravatar.com\/avatar\/6a410f59c46644f1312a73d8eba058ae7b6534286ff3ba1b7574c67f1dab9ebf?s=96&d=mm&r=g\"},\"sameAs\":[\"https:\/\/karikatura.lv\",\"https:\/\/www.facebook.com\/karikaturalv\",\"https:\/\/www.instagram.com\/karikaturalv\/\",\"https:\/\/www.linkedin.com\/in\/karikaturalv\/\",\"https:\/\/x.com\/karikaturalv\",\"https:\/\/www.youtube.com\/karikaturalv\",\"https:\/\/lv.wikipedia.org\/wiki\/Gatis_\u0160\u013c\u016bka\"]}]}<\/script>\n<!-- \/ Yoast SEO plugin. -->","yoast_head_json":{"title":"About - karikatura.lv","robots":{"index":"index","follow":"follow","max-snippet":"max-snippet:-1","max-image-preview":"max-image-preview:large","max-video-preview":"max-video-preview:-1"},"canonical":"https:\/\/karikatura.lv\/en\/par-mani\/","og_locale":"en_US","og_type":"article","og_title":"About - karikatura.lv","og_description":"gatis@karikatura.lv +371 29481179 Sveiki! &nbsp; My name is Gatis \u0160\u013c\u016bka, I am a professional cartoonist and illustrator from Latvia. I received my Master\u2019s degree in graphic fine art from the Art Academy of Latvia. &nbsp; I work as a freelance artist and also work for the publishing house Latvijas Mediji. I have successfully collaborated for [&hellip;]","og_url":"https:\/\/karikatura.lv\/en\/par-mani\/","og_site_name":"karikatura.lv","article_publisher":"https:\/\/www.facebook.com\/karikaturalv","article_modified_time":"2025-02-25T10:25:57+00:00","twitter_misc":{"Est. reading time":"4 minutes"},"schema":{"@context":"https:\/\/schema.org","@graph":[{"@type":"WebPage","@id":"https:\/\/karikatura.lv\/en\/par-mani\/","url":"https:\/\/karikatura.lv\/en\/par-mani\/","name":"About - karikatura.lv","isPartOf":{"@id":"https:\/\/karikatura.lv\/#website"},"datePublished":"2015-01-06T16:47:25+00:00","dateModified":"2025-02-25T10:25:57+00:00","breadcrumb":{"@id":"https:\/\/karikatura.lv\/en\/par-mani\/#breadcrumb"},"inLanguage":"en-US","potentialAction":[{"@type":"ReadAction","target":["https:\/\/karikatura.lv\/en\/par-mani\/"]}]},{"@type":"BreadcrumbList","@id":"https:\/\/karikatura.lv\/en\/par-mani\/#breadcrumb","itemListElement":[{"@type":"ListItem","position":1,"name":"Home","item":"https:\/\/karikatura.lv\/en\/"},{"@type":"ListItem","position":2,"name":"About"}]},{"@type":"WebSite","@id":"https:\/\/karikatura.lv\/#website","url":"https:\/\/karikatura.lv\/","name":"karikatura.lv","description":"Gatis \u0160\u013c\u016bka karikat\u016bras cartoons caricatures","publisher":{"@id":"https:\/\/karikatura.lv\/#\/schema\/person\/5db41c9ca18fb433d01129e5c07cb4b3"},"potentialAction":[{"@type":"SearchAction","target":{"@type":"EntryPoint","urlTemplate":"https:\/\/karikatura.lv\/?s={search_term_string}"},"query-input":{"@type":"PropertyValueSpecification","valueRequired":true,"valueName":"search_term_string"}}],"inLanguage":"en-US"},{"@type":["Person","Organization"],"@id":"https:\/\/karikatura.lv\/#\/schema\/person\/5db41c9ca18fb433d01129e5c07cb4b3","name":"Gatis Sluka","image":{"@type":"ImageObject","inLanguage":"en-US","@id":"https:\/\/secure.gravatar.com\/avatar\/6a410f59c46644f1312a73d8eba058ae7b6534286ff3ba1b7574c67f1dab9ebf?s=96&d=mm&r=g","url":"https:\/\/secure.gravatar.com\/avatar\/6a410f59c46644f1312a73d8eba058ae7b6534286ff3ba1b7574c67f1dab9ebf?s=96&d=mm&r=g","contentUrl":"https:\/\/secure.gravatar.com\/avatar\/6a410f59c46644f1312a73d8eba058ae7b6534286ff3ba1b7574c67f1dab9ebf?s=96&d=mm&r=g","caption":"Gatis Sluka"},"logo":{"@id":"https:\/\/secure.gravatar.com\/avatar\/6a410f59c46644f1312a73d8eba058ae7b6534286ff3ba1b7574c67f1dab9ebf?s=96&d=mm&r=g"},"sameAs":["https:\/\/karikatura.lv","https:\/\/www.facebook.com\/karikaturalv","https:\/\/www.instagram.com\/karikaturalv\/","https:\/\/www.linkedin.com\/in\/karikaturalv\/","https:\/\/x.com\/karikaturalv","https:\/\/www.youtube.com\/karikaturalv","https:\/\/lv.wikipedia.org\/wiki\/Gatis_\u0160\u013c\u016bka"]}]}},"_links":{"self":[{"href":"https:\/\/karikatura.lv\/en\/wp-json\/wp\/v2\/pages\/280","targetHints":{"allow":["GET"]}}],"collection":[{"href":"https:\/\/karikatura.lv\/en\/wp-json\/wp\/v2\/pages"}],"about":[{"href":"https:\/\/karikatura.lv\/en\/wp-json\/wp\/v2\/types\/page"}],"author":[{"embeddable":true,"href":"https:\/\/karikatura.lv\/en\/wp-json\/wp\/v2\/users\/2"}],"replies":[{"embeddable":true,"href":"https:\/\/karikatura.lv\/en\/wp-json\/wp\/v2\/comments?post=280"}],"version-history":[{"count":24,"href":"https:\/\/karikatura.lv\/en\/wp-json\/wp\/v2\/pages\/280\/revisions"}],"predecessor-version":[{"id":43219,"href":"https:\/\/karikatura.lv\/en\/wp-json\/wp\/v2\/pages\/280\/revisions\/43219"}],"wp:attachment":[{"href":"https:\/\/karikatura.lv\/en\/wp-json\/wp\/v2\/media?parent=280"}],"curies":[{"name":"wp","href":"https:\/\/api.w.org\/{rel}","templated":true}]}}